{"id":3779,"date":"2026-03-25T09:46:31","date_gmt":"2026-03-25T12:46:31","guid":{"rendered":"https:\/\/diapdiagnosticos.com.br\/santacasa\/?page_id=3779"},"modified":"2026-03-25T09:46:31","modified_gmt":"2026-03-25T12:46:31","slug":"trabalhe-conosco","status":"publish","type":"page","link":"https:\/\/diapdiagnosticos.com.br\/santacasa\/trabalhe-conosco\/","title":{"rendered":"Trabalhe Conosco"},"content":{"rendered":"<div class=\"fusion-fullwidth fullwidth-box fusion-builder-row-1 fusion-flex-container has-pattern-background has-mask-background nonhundred-percent-fullwidth non-hundred-percent-height-scrolling\" style=\"--awb-border-radius-top-left:0px;--awb-border-radius-top-right:0px;--awb-border-radius-bottom-right:0px;--awb-border-radius-bottom-left:0px;--awb-padding-top:80px;--awb-padding-bottom:20px;--awb-flex-wrap:wrap;\" ><div class=\"fusion-builder-row fusion-row fusion-flex-align-items-flex-start fusion-flex-content-wrap\" style=\"max-width:1393.6px;margin-left: calc(-4% \/ 2 );margin-right: calc(-4% \/ 2 );\"><div class=\"fusion-layout-column fusion_builder_column fusion-builder-column-0 fusion_builder_column_1_1 1_1 fusion-flex-column\" style=\"--awb-bg-size:cover;--awb-width-large:100%;--awb-margin-top-large:0px;--awb-spacing-right-large:1.92%;--awb-margin-bottom-large:0px;--awb-spacing-left-large:1.92%;--awb-width-medium:100%;--awb-order-medium:0;--awb-spacing-right-medium:1.92%;--awb-spacing-left-medium:1.92%;--awb-width-small:100%;--awb-order-small:0;--awb-spacing-right-small:1.92%;--awb-spacing-left-small:1.92%;\"><div class=\"fusion-column-wrapper fusion-column-has-shadow fusion-flex-justify-content-flex-start fusion-content-layout-column\"><div class=\"fusion-text fusion-text-1\"><p data-start=\"98\" data-end=\"126\"><strong data-start=\"98\" data-end=\"126\">Fa\u00e7a parte do nosso time<\/strong><\/p>\n<p data-start=\"128\" data-end=\"342\">Estamos sempre em busca de pessoas comprometidas, proativas e que queiram crescer junto com a gente. Acreditamos que o sucesso de uma empresa \u00e9 constru\u00eddo por pessoas dedicadas, que fazem a diferen\u00e7a todos os dias.<\/p>\n<p data-start=\"344\" data-end=\"485\">Se voc\u00ea busca um ambiente de trabalho que valoriza o desenvolvimento profissional, o respeito e o trabalho em equipe, queremos conhecer voc\u00ea.<\/p>\n<p data-start=\"487\" data-end=\"629\">Preencha o formul\u00e1rio abaixo e d\u00ea o primeiro passo para fazer parte da nossa equipe. Seu talento pode ser exatamente o que estamos procurando.<\/p>\n<\/div><div class=\"fusion-form fusion-form-builder fusion-form-form-wrapper fusion-form-3777\" style=\"--awb-tooltip-text-color:#ffffff;--awb-tooltip-background-color:#333333;\" data-form-id=\"3777\" data-config=\"{&quot;form_id&quot;:&quot;3777&quot;,&quot;form_post_id&quot;:&quot;3777&quot;,&quot;post_id&quot;:3779,&quot;form_type&quot;:&quot;ajax&quot;,&quot;confirmation_type&quot;:&quot;message&quot;,&quot;redirect_url&quot;:&quot;&quot;,&quot;field_labels&quot;:{&quot;nome&quot;:&quot;Nome&quot;,&quot;email&quot;:&quot;Seu e-mail&quot;,&quot;telefone&quot;:&quot;Seu telefone&quot;,&quot;cargo&quot;:&quot;Informe o cargo pretendido&quot;,&quot;cidade&quot;:&quot;Cidade&quot;,&quot;curriculo&quot;:&quot;Envie seu curriculo&quot;,&quot;mensagem&quot;:&quot;Sua mensagem&quot;},&quot;field_logics&quot;:{&quot;nome&quot;:&quot;&quot;,&quot;email&quot;:&quot;&quot;,&quot;telefone&quot;:&quot;&quot;,&quot;cargo&quot;:&quot;&quot;,&quot;cidade&quot;:&quot;&quot;,&quot;curriculo&quot;:&quot;&quot;,&quot;mensagem&quot;:&quot;&quot;,&quot;notice_1&quot;:&quot;&quot;},&quot;field_types&quot;:{&quot;nome&quot;:&quot;text&quot;,&quot;email&quot;:&quot;text&quot;,&quot;telefone&quot;:&quot;text&quot;,&quot;cargo&quot;:&quot;select&quot;,&quot;cidade&quot;:&quot;text&quot;,&quot;curriculo&quot;:&quot;upload&quot;,&quot;mensagem&quot;:&quot;textarea&quot;,&quot;submit_1&quot;:&quot;submit&quot;,&quot;recaptcha_1&quot;:&quot;recaptcha&quot;,&quot;notice_1&quot;:&quot;notice&quot;},&quot;nonce_method&quot;:&quot;ajax&quot;}\"><form action=\"https:\/\/diapdiagnosticos.com.br\/santacasa\/trabalhe-conosco\/\" method=\"post\" class=\"fusion-form fusion-form-3777\" enctype=\"multipart\/form-data\"><div class=\"fusion-fullwidth fullwidth-box fusion-builder-row-1-1 fusion-flex-container nonhundred-percent-fullwidth non-hundred-percent-height-scrolling\" style=\"--awb-border-radius-top-left:0px;--awb-border-radius-top-right:0px;--awb-border-radius-bottom-right:0px;--awb-border-radius-bottom-left:0px;--awb-padding-top:0px;--awb-padding-right:0px;--awb-padding-bottom:0px;--awb-padding-left:0px;--awb-flex-wrap:wrap;\" ><div class=\"fusion-builder-row fusion-row fusion-flex-align-items-flex-start fusion-flex-content-wrap\" style=\"width:104% !important;max-width:104% !important;margin-left: calc(-4% \/ 2 );margin-right: calc(-4% \/ 2 );\"><div class=\"fusion-layout-column fusion_builder_column fusion-builder-column-1 fusion_builder_column_1_1 1_1 fusion-flex-column\" style=\"--awb-bg-size:cover;--awb-width-large:100%;--awb-margin-top-large:0px;--awb-spacing-right-large:1.92%;--awb-margin-bottom-large:20px;--awb-spacing-left-large:1.92%;--awb-width-medium:100%;--awb-order-medium:0;--awb-spacing-right-medium:1.92%;--awb-spacing-left-medium:1.92%;--awb-width-small:100%;--awb-order-small:0;--awb-spacing-right-small:1.92%;--awb-spacing-left-small:1.92%;\"><div class=\"fusion-column-wrapper fusion-column-has-shadow fusion-flex-justify-content-flex-start fusion-content-layout-column\"><div class=\"fusion-form-field fusion-form-text-field fusion-form-label-above\" style=\"\" data-form-id=\"3777\"><div class=\"fusion-form-label-wrapper\"><label for=\"nome\">Nome <abbr class=\"fusion-form-element-required\" title=\"required\">*<\/abbr><\/label><\/div><input type=\"text\"  data-empty-notice=\"Por favor, informar seu nome.\" name=\"nome\" id=\"nome\" value=\"\"  class=\"fusion-form-input\" required=\"true\" aria-required=\"true\" data-holds-private-data=\"false\" minlength=\"0\"\/><\/div><\/div><\/div><div class=\"fusion-layout-column fusion_builder_column fusion-builder-column-2 fusion_builder_column_1_1 1_1 fusion-flex-column\" style=\"--awb-bg-size:cover;--awb-width-large:100%;--awb-margin-top-large:0px;--awb-spacing-right-large:1.92%;--awb-margin-bottom-large:20px;--awb-spacing-left-large:1.92%;--awb-width-medium:100%;--awb-order-medium:0;--awb-spacing-right-medium:1.92%;--awb-spacing-left-medium:1.92%;--awb-width-small:100%;--awb-order-small:0;--awb-spacing-right-small:1.92%;--awb-spacing-left-small:1.92%;\"><div class=\"fusion-column-wrapper fusion-column-has-shadow fusion-flex-justify-content-flex-start fusion-content-layout-column\"><div class=\"fusion-form-field fusion-form-text-field fusion-form-label-above\" style=\"\" data-form-id=\"3777\"><div class=\"fusion-form-label-wrapper\"><label for=\"email\">Seu e-mail <abbr class=\"fusion-form-element-required\" title=\"required\">*<\/abbr><\/label><\/div><input type=\"text\"  data-empty-notice=\"Por favor, informar seu e-mail\" name=\"email\" id=\"email\" value=\"\"  class=\"fusion-form-input\" required=\"true\" aria-required=\"true\" data-holds-private-data=\"false\" minlength=\"0\"\/><\/div><\/div><\/div><div class=\"fusion-layout-column fusion_builder_column fusion-builder-column-3 fusion_builder_column_1_1 1_1 fusion-flex-column\" style=\"--awb-bg-size:cover;--awb-width-large:100%;--awb-margin-top-large:0px;--awb-spacing-right-large:1.92%;--awb-margin-bottom-large:20px;--awb-spacing-left-large:1.92%;--awb-width-medium:100%;--awb-order-medium:0;--awb-spacing-right-medium:1.92%;--awb-spacing-left-medium:1.92%;--awb-width-small:100%;--awb-order-small:0;--awb-spacing-right-small:1.92%;--awb-spacing-left-small:1.92%;\"><div class=\"fusion-column-wrapper fusion-column-has-shadow fusion-flex-justify-content-flex-start fusion-content-layout-column\"><div class=\"fusion-form-field fusion-form-text-field fusion-form-label-above\" style=\"\" data-form-id=\"3777\"><div class=\"fusion-form-label-wrapper\"><label for=\"telefone\">Seu telefone <abbr class=\"fusion-form-element-required\" title=\"required\">*<\/abbr><\/label><\/div><input type=\"text\"  data-empty-notice=\"Por favor, informar seu telefone\" name=\"telefone\" id=\"telefone\" value=\"\"  class=\"fusion-form-input\" required=\"true\" aria-required=\"true\" data-holds-private-data=\"false\" minlength=\"0\"\/><\/div><\/div><\/div><div class=\"fusion-layout-column fusion_builder_column fusion-builder-column-4 fusion_builder_column_1_1 1_1 fusion-flex-column\" style=\"--awb-bg-size:cover;--awb-width-large:100%;--awb-margin-top-large:0px;--awb-spacing-right-large:1.92%;--awb-margin-bottom-large:20px;--awb-spacing-left-large:1.92%;--awb-width-medium:100%;--awb-order-medium:0;--awb-spacing-right-medium:1.92%;--awb-spacing-left-medium:1.92%;--awb-width-small:100%;--awb-order-small:0;--awb-spacing-right-small:1.92%;--awb-spacing-left-small:1.92%;\"><div class=\"fusion-column-wrapper fusion-column-has-shadow fusion-flex-justify-content-flex-start fusion-content-layout-column\"><div class=\"fusion-form-field fusion-form-select-field fusion-form-label-above\" style=\"\" data-form-id=\"3777\"><label for=\"cargo\">Informe o cargo pretendido <abbr class=\"fusion-form-element-required\" title=\"required\">*<\/abbr><\/label><div class=\"fusion-select-wrapper\"><select data-empty-notice=\"Por favor, informe o cargo\" tabindex=\"\" id=\"cargo\" name=\"cargo\" class=\"fusion-form-input\" required=\"true\" aria-required=\"true\" data-holds-private-data=\"false\"><option value=\"\" disabled selected>Cargos<\/option><option value=\"ANALISTA ADMINISTRATIVO\" >ANALISTA ADMINISTRATIVO<\/option><option value=\"ANALISTA DE RH\" >ANALISTA DE RH<\/option><option value=\"ANALISTA DE FATURAMENTO\" >ANALISTA DE FATURAMENTO<\/option><option value=\"APRENDIZ\" >APRENDIZ<\/option><option value=\"ASSISTENTE ADMINISTRATIVO\" >ASSISTENTE ADMINISTRATIVO<\/option><option value=\"ASSISTENTE DE FATURAMENTO\" >ASSISTENTE DE FATURAMENTO<\/option><option value=\"ASSISTENTE FINANCEIRO\" >ASSISTENTE FINANCEIRO<\/option><option value=\"AUXILIAR ADMINISTRATIVO\" >AUXILIAR ADMINISTRATIVO<\/option><option value=\"AUXILIAR ADMINISTRATIVO - AGENDAMENTO\" >AUXILIAR ADMINISTRATIVO - AGENDAMENTO<\/option><option value=\"AUXILIAR DE BACKOFFICE\" >AUXILIAR DE BACKOFFICE<\/option><option value=\"AUXILIAR DE ENFERMAGEM\" >AUXILIAR DE ENFERMAGEM<\/option><option value=\"AUXILIAR DE SALA\" >AUXILIAR DE SALA<\/option><option value=\"ENFERMEIRO(A)\" >ENFERMEIRO(A)<\/option><option value=\"GERENTE OPERACIONAL\" >GERENTE OPERACIONAL<\/option><option value=\"L\u00cdDER DE AGENDAMENTOS\" >L\u00cdDER DE AGENDAMENTOS<\/option><option value=\"L\u00cdDER RECEP\u00c7\u00c3O\" >L\u00cdDER RECEP\u00c7\u00c3O<\/option><option value=\"RECEPCIONISTA\" >RECEPCIONISTA<\/option><option value=\"T\u00c9CNICO DE RESSON\u00c2NCIA\" >T\u00c9CNICO DE RESSON\u00c2NCIA<\/option><option value=\"T\u00c9CNICO EM ENFERMAGEM\" >T\u00c9CNICO EM ENFERMAGEM<\/option><option value=\"T\u00c9CNICO EM RADIOLOGIA\" >T\u00c9CNICO EM RADIOLOGIA<\/option><option value=\"TELEFONISTA\" >TELEFONISTA<\/option><\/select><div class=\"select-arrow\"><svg width=\"12\" height=\"8\" viewBox=\"0 0 12 8\" fill=\"none\" xmlns=\"http:\/\/www.w3.org\/2000\/svg\"> <path d=\"M1.5 1.75L6 6.25L10.5 1.75\" stroke=\"#6D6D6D\" stroke-width=\"2\" stroke-linecap=\"round\" stroke-linejoin=\"round\"\/> <\/svg><\/div><\/div><\/div><\/div><\/div><div class=\"fusion-layout-column fusion_builder_column fusion-builder-column-5 fusion_builder_column_1_1 1_1 fusion-flex-column\" style=\"--awb-bg-size:cover;--awb-width-large:100%;--awb-margin-top-large:0px;--awb-spacing-right-large:1.92%;--awb-margin-bottom-large:20px;--awb-spacing-left-large:1.92%;--awb-width-medium:100%;--awb-order-medium:0;--awb-spacing-right-medium:1.92%;--awb-spacing-left-medium:1.92%;--awb-width-small:100%;--awb-order-small:0;--awb-spacing-right-small:1.92%;--awb-spacing-left-small:1.92%;\"><div class=\"fusion-column-wrapper fusion-column-has-shadow fusion-flex-justify-content-flex-start fusion-content-layout-column\"><div class=\"fusion-form-field fusion-form-text-field fusion-form-label-above\" style=\"\" data-form-id=\"3777\"><div class=\"fusion-form-label-wrapper\"><label for=\"cidade\">Cidade <abbr class=\"fusion-form-element-required\" title=\"required\">*<\/abbr><\/label><\/div><input type=\"text\"  data-empty-notice=\"Por favor, informar sua cidade\" name=\"cidade\" id=\"cidade\" value=\"\"  class=\"fusion-form-input\" required=\"true\" aria-required=\"true\" data-holds-private-data=\"false\" minlength=\"0\"\/><\/div><\/div><\/div><div class=\"fusion-layout-column fusion_builder_column fusion-builder-column-6 fusion_builder_column_1_1 1_1 fusion-flex-column\" style=\"--awb-bg-size:cover;--awb-width-large:100%;--awb-margin-top-large:0px;--awb-spacing-right-large:1.92%;--awb-margin-bottom-large:20px;--awb-spacing-left-large:1.92%;--awb-width-medium:100%;--awb-order-medium:0;--awb-spacing-right-medium:1.92%;--awb-spacing-left-medium:1.92%;--awb-width-small:100%;--awb-order-small:0;--awb-spacing-right-small:1.92%;--awb-spacing-left-small:1.92%;\"><div class=\"fusion-column-wrapper fusion-column-has-shadow fusion-flex-justify-content-flex-start fusion-content-layout-column\"><div class=\"fusion-form-field fusion-form-upload-field fusion-form-label-above\" style=\"\" data-form-id=\"3777\"><label for=\"curriculo\">Envie seu curriculo<\/label><div class=\"fusion-form-input-with-icon\"><i class=\" fa-upload fas\"><\/i><div class=\"fusion-form-upload-field-container\"><input type=\"file\" id=\"curriculo\" name=\"curriculo\" value=\"\"  class=\"fusion-form-input\"accept=\".pdf, .doc, docx\" placeholder=\"Clique ou arraste um arquivo para esta \u00e1rea para fazer o upload.\" data-size=\"10\"\/><input type=\"text\" disabled value=\"\" class=\"fusion-form-upload-field\"  placeholder=\"Clique ou arraste um arquivo para esta \u00e1rea para fazer o upload.\" data-holds-private-data=\"false\"\/><div ><a class=\"fusion-button button-flat button-medium button-default fusion-button-default button-1 fusion-button-default-span fusion-button-default-type fusion-form-upload-field-button\" style=\"--button-border-radius-top-left:0px;--button-border-radius-top-right:0px;--button-border-radius-bottom-right:0px;--button-border-radius-bottom-left:0px;\" target=\"_self\" href=\"javascript:void();\"><span class=\"fusion-button-text\">Choose File<\/span><\/a><\/div><\/div><\/div><\/div><\/div><\/div><div class=\"fusion-layout-column fusion_builder_column fusion-builder-column-7 fusion_builder_column_1_1 1_1 fusion-flex-column\" style=\"--awb-bg-size:cover;--awb-width-large:100%;--awb-margin-top-large:0px;--awb-spacing-right-large:1.92%;--awb-margin-bottom-large:20px;--awb-spacing-left-large:1.92%;--awb-width-medium:100%;--awb-order-medium:0;--awb-spacing-right-medium:1.92%;--awb-spacing-left-medium:1.92%;--awb-width-small:100%;--awb-order-small:0;--awb-spacing-right-small:1.92%;--awb-spacing-left-small:1.92%;\"><div class=\"fusion-column-wrapper fusion-column-has-shadow fusion-flex-justify-content-flex-start fusion-content-layout-column\"><div class=\"fusion-form-field fusion-form-textarea-field fusion-form-label-above\" style=\"\" data-form-id=\"3777\"><label for=\"mensagem\">Sua mensagem<\/label><textarea cols=\"40\"  minlength=\"0\"  rows=\"4\" tabindex=\"\" id=\"mensagem\" name=\"mensagem\" class=\"fusion-form-input\" data-holds-private-data=\"false\"><\/textarea><\/div><div class=\"fusion-form-field fusion-form-submit-field fusion-form-label-above\" style=\"\" data-form-id=\"3777\"><div ><button type=\"submit\" class=\"fusion-button button-flat fusion-button-default-size button-default fusion-button-default button-2 fusion-button-span-yes  form-form-submit button-default\" style=\"--button_text_transform:uppercase;--button_margin-top:30px;\" data-form-number=\"3777\" tabindex=\"\"><span class=\"fusion-button-text\">Enviar<\/span><\/button><\/div><\/div><div class=\"fusion-form-field fusion-form-recaptcha-field fusion-form-label-above\" style=\"\" data-form-id=\"3777\">\t\t\t\t<div class=\"form-creator-recaptcha\" >\n\t\t\t\t\t\t\t\t\t\t\t\t\t\t\t\t\t\t\t\t\t\t\t\t\t\t\t\t<div class=\"fusion-form-recaptcha-wrapper\">\n\t\t\t\t\t\t\t\t\t\t\t\t<div\n\t\t\t\t\t\t\t\tid=\"g-recaptcha-id-form-3777\"\n\t\t\t\t\t\t\t\tclass=\"fusion-form-recaptcha-v3 recaptcha-container \"\n\t\t\t\t\t\t\t\tdata-sitekey=\"6Led_Y4sAAAAAP9LMDgliEvg5yV3k4K5ckm_pHWF\"\n\t\t\t\t\t\t\t\tdata-badge=\"inline\">\n\t\t\t\t\t\t\t<\/div>\n\t\t\t\t\t\t\t<input\n\t\t\t\t\t\t\t\ttype=\"hidden\"\n\t\t\t\t\t\t\t\tname=\"fusion-form-recaptcha-response\"\n\t\t\t\t\t\t\t\tclass=\"g-recaptcha-response\"\n\t\t\t\t\t\t\t\tid=\"fusion-form-recaptcha-response-3777\"\n\t\t\t\t\t\t\t\tvalue=\"\">\n\t\t\t\t\t\t\t\t\t\t\t<\/div>\n\t\t\t\t\t\t\t\t\t\t\t\t\t\t\t\t\t\t\t<\/div>\n\t\t\t\t<\/div><\/div><\/div><div class=\"fusion-layout-column fusion_builder_column fusion-builder-column-8 fusion_builder_column_1_1 1_1 fusion-flex-column\" style=\"--awb-bg-size:cover;--awb-width-large:100%;--awb-margin-top-large:0px;--awb-spacing-right-large:1.92%;--awb-margin-bottom-large:0px;--awb-spacing-left-large:1.92%;--awb-width-medium:100%;--awb-order-medium:0;--awb-spacing-right-medium:1.92%;--awb-spacing-left-medium:1.92%;--awb-width-small:100%;--awb-order-small:0;--awb-spacing-right-small:1.92%;--awb-spacing-left-small:1.92%;\"><div class=\"fusion-column-wrapper fusion-column-has-shadow fusion-flex-justify-content-flex-start fusion-content-layout-column\"><div class=\"form-submission-notices data-notice_1\" id=\"fusion-notices-1\"><div class=\"fusion-alert alert success alert-success fusion-alert-center fusion-form-response fusion-form-response-success awb-alert-native-link-color alert-dismissable awb-alert-close-boxed\" role=\"alert\"><div class=\"fusion-alert-content-wrapper\"><span class=\"alert-icon\"><i class=\"awb-icon-check-circle\" aria-hidden=\"true\"><\/i><\/span><span class=\"fusion-alert-content\">Curr\u00edculo enviado com sucesso!<\/span><\/div><button type=\"button\" class=\"close toggle-alert\" data-dismiss=\"alert\" aria-label=\"Close\">&times;<\/button><\/div><div class=\"fusion-alert alert error alert-danger fusion-alert-center fusion-form-response fusion-form-response-error awb-alert-native-link-color alert-dismissable awb-alert-close-boxed\" role=\"alert\"><div class=\"fusion-alert-content-wrapper\"><span class=\"alert-icon\"><i class=\"awb-icon-exclamation-triangle\" aria-hidden=\"true\"><\/i><\/span><span class=\"fusion-alert-content\">Ocorreu um erro ao tentar enviar sua mensagem. Por favor, tente novamente mais tarde.<\/span><\/div><button type=\"button\" class=\"close toggle-alert\" data-dismiss=\"alert\" aria-label=\"Close\">&times;<\/button><\/div><\/div><\/div><\/div><\/div><\/div><\/form><\/div><\/div><\/div><\/div><\/div>\n","protected":false},"excerpt":{"rendered":"","protected":false},"author":1,"featured_media":0,"parent":0,"menu_order":0,"comment_status":"closed","ping_status":"closed","template":"","meta":{"footnotes":""},"class_list":["post-3779","page","type-page","status-publish","hentry"],"_links":{"self":[{"href":"https:\/\/diapdiagnosticos.com.br\/santacasa\/wp-json\/wp\/v2\/pages\/3779","targetHints":{"allow":["GET"]}}],"collection":[{"href":"https:\/\/diapdiagnosticos.com.br\/santacasa\/wp-json\/wp\/v2\/pages"}],"about":[{"href":"https:\/\/diapdiagnosticos.com.br\/santacasa\/wp-json\/wp\/v2\/types\/page"}],"author":[{"embeddable":true,"href":"https:\/\/diapdiagnosticos.com.br\/santacasa\/wp-json\/wp\/v2\/users\/1"}],"replies":[{"embeddable":true,"href":"https:\/\/diapdiagnosticos.com.br\/santacasa\/wp-json\/wp\/v2\/comments?post=3779"}],"version-history":[{"count":1,"href":"https:\/\/diapdiagnosticos.com.br\/santacasa\/wp-json\/wp\/v2\/pages\/3779\/revisions"}],"predecessor-version":[{"id":3780,"href":"https:\/\/diapdiagnosticos.com.br\/santacasa\/wp-json\/wp\/v2\/pages\/3779\/revisions\/3780"}],"wp:attachment":[{"href":"https:\/\/diapdiagnosticos.com.br\/santacasa\/wp-json\/wp\/v2\/media?parent=3779"}],"curies":[{"name":"wp","href":"https:\/\/api.w.org\/{rel}","templated":true}]}}