{"id":3719,"date":"2025-08-27T13:29:21","date_gmt":"2025-08-27T16:29:21","guid":{"rendered":"https:\/\/diapdiagnosticos.com.br\/centromedico\/?page_id=3719"},"modified":"2025-08-27T13:31:47","modified_gmt":"2025-08-27T16:31:47","slug":"densitometria-ossea","status":"publish","type":"page","link":"https:\/\/diapdiagnosticos.com.br\/centromedico\/densitometria-ossea\/","title":{"rendered":"Densitometria \u00d3ssea"},"content":{"rendered":"<div class=\"fusion-fullwidth fullwidth-box fusion-builder-row-1 fusion-flex-container has-pattern-background has-mask-background nonhundred-percent-fullwidth non-hundred-percent-height-scrolling\" style=\"--awb-border-radius-top-left:0px;--awb-border-radius-top-right:0px;--awb-border-radius-bottom-right:0px;--awb-border-radius-bottom-left:0px;--awb-flex-wrap:wrap;\" ><div class=\"fusion-builder-row fusion-row fusion-flex-align-items-flex-start fusion-flex-content-wrap\" style=\"max-width:1393.6px;margin-left: calc(-4% \/ 2 );margin-right: calc(-4% \/ 2 );\"><div class=\"fusion-layout-column fusion_builder_column fusion-builder-column-0 fusion_builder_column_1_1 1_1 fusion-flex-column\" style=\"--awb-bg-size:cover;--awb-width-large:100%;--awb-margin-top-large:50px;--awb-spacing-right-large:1.92%;--awb-margin-bottom-large:20px;--awb-spacing-left-large:1.92%;--awb-width-medium:100%;--awb-order-medium:0;--awb-spacing-right-medium:1.92%;--awb-spacing-left-medium:1.92%;--awb-width-small:100%;--awb-order-small:0;--awb-spacing-right-small:1.92%;--awb-spacing-left-small:1.92%;\"><div class=\"fusion-column-wrapper fusion-column-has-shadow fusion-flex-justify-content-flex-start fusion-content-layout-column\"><div class=\"fusion-text fusion-text-1\"><div class=\"MuiGrid-root MuiGrid-item MuiGrid-grid-xs-12 MuiGrid-grid-sm-6 MuiGrid-grid-lg-12\">\n<section class=\"exam-detail-content-rowstyles__Spacing-sc-14uhk46-6 rUqXC\">\n<h3 class=\"Typography__H4-sc-151lb4h-3 cyrsUA fusion-responsive-typography-calculated\" data-fontsize=\"36\" data-lineheight=\"43.2px\">Orienta\u00e7\u00f5es necess\u00e1rias<\/h3>\n<ul>\n<li><strong>N\u00e3o<\/strong> se esque\u00e7a de trazer o pedido m\u00e9dico.<\/li>\n<li>Em caso de conv\u00eanios que necessitem, <strong>solicite a autoriza\u00e7\u00e3o do seu exame<\/strong>.<\/li>\n<li>Trazer sempre um documento com foto atualizado.<\/li>\n<li>Menores de idade devem vir acompanhados de um adulto respons\u00e1vel.<\/li>\n<li>Trazer os exames anteriores pertinentes, sempre que os possuir.<\/li>\n<\/ul>\n<p><strong>Objetivos do exame:<\/strong><\/p>\n<\/section>\n<section class=\"exam-detail-content-rowstyles__Spacing-sc-14uhk46-6 rUqXC\">\n<ul>\n<li>O exame de densitometria \u00f3ssea avalia a densidade mineral \u00f3ssea para o diagn\u00f3stico de osteoporose. Rotina para mulheres acima de 40 anos e homens acima de 50 anos.<\/li>\n<\/ul>\n<p><strong>Preparo do exame:<br \/>\n<\/strong><\/p>\n<\/section>\n<\/div>\n<p data-start=\"273\" data-end=\"301\"><strong data-start=\"273\" data-end=\"299\">7 dias antes do exame<\/strong><\/p>\n<ul data-start=\"302\" data-end=\"372\">\n<li data-start=\"302\" data-end=\"372\">\n<p data-start=\"304\" data-end=\"372\">N\u00e3o realizar exames com contraste ou f\u00e1rmacos de medicina nuclear.<\/p>\n<\/li>\n<\/ul>\n<p data-start=\"374\" data-end=\"399\"><strong data-start=\"374\" data-end=\"397\">24h antes do exame<\/strong><\/p>\n<ul data-start=\"400\" data-end=\"464\">\n<li data-start=\"400\" data-end=\"464\">\n<p data-start=\"402\" data-end=\"464\">Suspender comprimidos (como vitaminas) que contenham c\u00e1lcio.<\/p>\n<\/li>\n<\/ul>\n<p data-start=\"466\" data-end=\"488\"><strong data-start=\"466\" data-end=\"486\">No dia do exame<\/strong><\/p>\n<ul data-start=\"489\" data-end=\"723\">\n<li data-start=\"489\" data-end=\"531\">\n<p data-start=\"491\" data-end=\"531\">N\u00e3o realizar nenhuma atividade f\u00edsica.<\/p>\n<\/li>\n<li data-start=\"532\" data-end=\"585\">\n<p data-start=\"534\" data-end=\"585\">Jejum de 4 horas ou refei\u00e7\u00e3o leve (sem l\u00edquidos).<\/p>\n<\/li>\n<li data-start=\"586\" data-end=\"698\">\n<p data-start=\"588\" data-end=\"698\">Comparecer \u00e0 cl\u00ednica vestindo roupas leves e sem metais (colchetes de suti\u00e3, bot\u00f5es, z\u00edperes, entre outros).<\/p>\n<\/li>\n<li data-start=\"699\" data-end=\"723\">\n<p data-start=\"701\" data-end=\"723\">N\u00e3o vir com adornos.<\/p>\n<\/li>\n<\/ul>\n<p data-start=\"725\" data-end=\"758\"><strong data-start=\"725\" data-end=\"756\">Ap\u00f3s a realiza\u00e7\u00e3o do exame<\/strong><\/p>\n<ul data-start=\"759\" data-end=\"807\">\n<li data-start=\"759\" data-end=\"807\">\n<p data-start=\"761\" data-end=\"807\">Retomar normalmente \u00e0s atividades de rotina.<\/p>\n<\/li>\n<\/ul>\n<div class=\"MuiGrid-root MuiGrid-item MuiGrid-grid-xs-12 MuiGrid-grid-sm-6 MuiGrid-grid-lg-12\">\n<section class=\"exam-detail-content-rowstyles__Spacing-sc-14uhk46-6 rUqXC\">Se voc\u00ea tiver alguma duvida, n\u00e3o hesite em nos contatar: 16-3515-2600.<\/section>\n<\/div>\n<\/div><div class=\"fusion-text fusion-text-2\"><div class=\"MuiGrid-root MuiGrid-item MuiGrid-grid-xs-12 MuiGrid-grid-sm-6 MuiGrid-grid-lg-12\">\n<section class=\"exam-detail-content-rowstyles__Spacing-sc-14uhk46-6 rUqXC\">\n<div>\n<h4 class=\"Typography__H4-sc-151lb4h-3 cyrsUA\">Agendamento<\/h4>\n<ul>\n<li class=\"Typography__Underline-sc-151lb4h-1 kBcWNQ\">Precisa agendar.<\/li>\n<\/ul>\n<\/div>\n<\/section>\n<\/div>\n<div class=\"MuiGrid-root MuiGrid-item MuiGrid-grid-xs-12 MuiGrid-grid-sm-6 MuiGrid-grid-lg-12\">\n<section class=\"exam-detail-content-rowstyles__Spacing-sc-14uhk46-6 rUqXC\">\n<div>\n<h4><\/h4>\n<\/div>\n<\/section>\n<\/div>\n<\/div><div ><a class=\"fusion-button button-flat button-xlarge button-custom fusion-button-default button-1 fusion-button-default-span fusion-button-default-type\" style=\"--button_accent_color:var(--awb-color1);--button_accent_hover_color:var(--awb-color1);--button_border_hover_color:var(--awb-color1);--button-border-radius-top-left:20px;--button-border-radius-top-right:20px;--button-border-radius-bottom-right:20px;--button-border-radius-bottom-left:20px;--button_gradient_top_color:var(--awb-custom_color_1);--button_gradient_bottom_color:var(--awb-custom_color_1);--button_gradient_top_color_hover:var(--awb-custom_color_1);--button_gradient_bottom_color_hover:var(--awb-custom_color_1);\" target=\"_blank\" rel=\"noopener noreferrer\" href=\"https:\/\/diap.chat.blip.ai\/?appKey=ZGlhcHJvdGVhZG9yOmJlZWJmY2YxLTZmNmItNGQ2ZS05ZmMxLWVhZTliYjRhYjUzNQ==\"><i class=\"fa-calendar-alt fas awb-button__icon awb-button__icon--default button-icon-left\" aria-hidden=\"true\"><\/i><span class=\"fusion-button-text awb-button__text awb-button__text--default\">Agende seu exame<\/span><\/a><\/div><\/div><\/div><\/div><\/div>\n","protected":false},"excerpt":{"rendered":"","protected":false},"author":1,"featured_media":0,"parent":0,"menu_order":0,"comment_status":"closed","ping_status":"closed","template":"","meta":{"footnotes":""},"class_list":["post-3719","page","type-page","status-publish","hentry"],"_links":{"self":[{"href":"https:\/\/diapdiagnosticos.com.br\/centromedico\/wp-json\/wp\/v2\/pages\/3719","targetHints":{"allow":["GET"]}}],"collection":[{"href":"https:\/\/diapdiagnosticos.com.br\/centromedico\/wp-json\/wp\/v2\/pages"}],"about":[{"href":"https:\/\/diapdiagnosticos.com.br\/centromedico\/wp-json\/wp\/v2\/types\/page"}],"author":[{"embeddable":true,"href":"https:\/\/diapdiagnosticos.com.br\/centromedico\/wp-json\/wp\/v2\/users\/1"}],"replies":[{"embeddable":true,"href":"https:\/\/diapdiagnosticos.com.br\/centromedico\/wp-json\/wp\/v2\/comments?post=3719"}],"version-history":[{"count":3,"href":"https:\/\/diapdiagnosticos.com.br\/centromedico\/wp-json\/wp\/v2\/pages\/3719\/revisions"}],"predecessor-version":[{"id":3722,"href":"https:\/\/diapdiagnosticos.com.br\/centromedico\/wp-json\/wp\/v2\/pages\/3719\/revisions\/3722"}],"wp:attachment":[{"href":"https:\/\/diapdiagnosticos.com.br\/centromedico\/wp-json\/wp\/v2\/media?parent=3719"}],"curies":[{"name":"wp","href":"https:\/\/api.w.org\/{rel}","templated":true}]}}