{"id":3519,"date":"2023-10-24T16:53:10","date_gmt":"2023-10-24T19:53:10","guid":{"rendered":"https:\/\/solucaoeminternet.com.br\/diap\/?page_id=3519"},"modified":"2023-10-24T16:53:10","modified_gmt":"2023-10-24T19:53:10","slug":"radiologia-intervencionista-puncao-aspirativa-por-agulha-fina-paaf","status":"publish","type":"page","link":"https:\/\/diapdiagnosticos.com.br\/centromedico\/radiologia-intervencionista\/radiologia-intervencionista-puncao-aspirativa-por-agulha-fina-paaf\/","title":{"rendered":"Radiologia Intervencionista &#8211; Pun\u00e7\u00e3o Aspirativa por Agulha Fina (PAAF)"},"content":{"rendered":"<div class=\"fusion-fullwidth fullwidth-box fusion-builder-row-1 fusion-flex-container has-pattern-background has-mask-background nonhundred-percent-fullwidth non-hundred-percent-height-scrolling\" style=\"--awb-border-radius-top-left:0px;--awb-border-radius-top-right:0px;--awb-border-radius-bottom-right:0px;--awb-border-radius-bottom-left:0px;--awb-flex-wrap:wrap;\" ><div class=\"fusion-builder-row fusion-row fusion-flex-align-items-flex-start fusion-flex-content-wrap\" style=\"max-width:1393.6px;margin-left: calc(-4% \/ 2 );margin-right: calc(-4% \/ 2 );\"><div class=\"fusion-layout-column fusion_builder_column fusion-builder-column-0 fusion_builder_column_1_1 1_1 fusion-flex-column\" style=\"--awb-bg-size:cover;--awb-width-large:100%;--awb-margin-top-large:50px;--awb-spacing-right-large:1.92%;--awb-margin-bottom-large:20px;--awb-spacing-left-large:1.92%;--awb-width-medium:100%;--awb-order-medium:0;--awb-spacing-right-medium:1.92%;--awb-spacing-left-medium:1.92%;--awb-width-small:100%;--awb-order-small:0;--awb-spacing-right-small:1.92%;--awb-spacing-left-small:1.92%;\"><div class=\"fusion-column-wrapper fusion-column-has-shadow fusion-flex-justify-content-flex-start fusion-content-layout-column\"><div class=\"fusion-text fusion-text-1\"><p><strong>M\u00e9todo de Imagem: Ultrassonografia<\/strong><\/p>\n<p><strong>\u00d3rg\u00e3o Alvo:<\/strong><\/p>\n<ul>\n<li>Avaliar a suspens\u00e3o de anticoagulantes e anti-agregantes (AAS, ASPIRINA MAREVAN, GINKGO BILOBA, TICLIDE, FITOTER\u00c1PICOS, etc) plaquet\u00e1rios 48 horas antes do exame<\/li>\n<\/ul>\n<p><strong>Preparo:<\/strong><\/p>\n<ul>\n<li>2 horas de jejum de alimenta\u00e7\u00e3o, \u00e1gua pode ingerir normalmente;<\/li>\n<\/ul>\n<p><strong>P\u00f3s-bi\u00f3psia:<\/strong><\/p>\n<ul>\n<li>Sem orienta\u00e7\u00f5es espec\u00edficas<\/li>\n<li>Analg\u00e9sicos se dor<\/li>\n<\/ul>\n<p><strong>Obs: Aqui na Diap, \u00e9 somente a coleta. Sendo coletado a pr\u00f3pria pessoa levara em um Laborat\u00f3rio da sua confian\u00e7a ou indicado pela Cl\u00ednica.\u00a0<\/strong><\/p>\n<\/div><div class=\"fusion-text fusion-text-2\"><div class=\"MuiGrid-root MuiGrid-item MuiGrid-grid-xs-12 MuiGrid-grid-sm-6 MuiGrid-grid-lg-12\">\n<section class=\"exam-detail-content-rowstyles__Spacing-sc-14uhk46-6 rUqXC\">\n<div>\n<h4 class=\"Typography__H4-sc-151lb4h-3 cyrsUA\">Agendamento<\/h4>\n<ul>\n<li class=\"Typography__Underline-sc-151lb4h-1 kBcWNQ\">Precisa agendar.<\/li>\n<\/ul>\n<\/div>\n<\/section>\n<\/div>\n<div class=\"MuiGrid-root MuiGrid-item MuiGrid-grid-xs-12 MuiGrid-grid-sm-6 MuiGrid-grid-lg-12\">\n<section class=\"exam-detail-content-rowstyles__Spacing-sc-14uhk46-6 rUqXC\">\n<div>\n<h4><\/h4>\n<\/div>\n<\/section>\n<\/div>\n<\/div><div ><a class=\"fusion-button button-flat button-xlarge button-custom fusion-button-default button-1 fusion-button-default-span fusion-button-default-type\" style=\"--button_accent_color:var(--awb-color1);--button_accent_hover_color:var(--awb-color1);--button_border_hover_color:var(--awb-color1);--button-border-radius-top-left:20px;--button-border-radius-top-right:20px;--button-border-radius-bottom-right:20px;--button-border-radius-bottom-left:20px;--button_gradient_top_color:var(--awb-custom_color_1);--button_gradient_bottom_color:var(--awb-custom_color_1);--button_gradient_top_color_hover:var(--awb-custom_color_1);--button_gradient_bottom_color_hover:var(--awb-custom_color_1);\" target=\"_blank\" rel=\"noopener noreferrer\" href=\"https:\/\/diap.chat.blip.ai\/?appKey=ZGlhcHJvdGVhZG9yOmJlZWJmY2YxLTZmNmItNGQ2ZS05ZmMxLWVhZTliYjRhYjUzNQ==\"><i class=\"fa-calendar-alt fas awb-button__icon awb-button__icon--default button-icon-left\" aria-hidden=\"true\"><\/i><span class=\"fusion-button-text awb-button__text awb-button__text--default\">Agende seu exame<\/span><\/a><\/div><\/div><\/div><\/div><\/div>\n","protected":false},"excerpt":{"rendered":"","protected":false},"author":1,"featured_media":0,"parent":3511,"menu_order":0,"comment_status":"closed","ping_status":"closed","template":"","meta":{"footnotes":""},"class_list":["post-3519","page","type-page","status-publish","hentry"],"_links":{"self":[{"href":"https:\/\/diapdiagnosticos.com.br\/centromedico\/wp-json\/wp\/v2\/pages\/3519","targetHints":{"allow":["GET"]}}],"collection":[{"href":"https:\/\/diapdiagnosticos.com.br\/centromedico\/wp-json\/wp\/v2\/pages"}],"about":[{"href":"https:\/\/diapdiagnosticos.com.br\/centromedico\/wp-json\/wp\/v2\/types\/page"}],"author":[{"embeddable":true,"href":"https:\/\/diapdiagnosticos.com.br\/centromedico\/wp-json\/wp\/v2\/users\/1"}],"replies":[{"embeddable":true,"href":"https:\/\/diapdiagnosticos.com.br\/centromedico\/wp-json\/wp\/v2\/comments?post=3519"}],"version-history":[{"count":1,"href":"https:\/\/diapdiagnosticos.com.br\/centromedico\/wp-json\/wp\/v2\/pages\/3519\/revisions"}],"predecessor-version":[{"id":3520,"href":"https:\/\/diapdiagnosticos.com.br\/centromedico\/wp-json\/wp\/v2\/pages\/3519\/revisions\/3520"}],"up":[{"embeddable":true,"href":"https:\/\/diapdiagnosticos.com.br\/centromedico\/wp-json\/wp\/v2\/pages\/3511"}],"wp:attachment":[{"href":"https:\/\/diapdiagnosticos.com.br\/centromedico\/wp-json\/wp\/v2\/media?parent=3519"}],"curies":[{"name":"wp","href":"https:\/\/api.w.org\/{rel}","templated":true}]}}