{"id":3068,"date":"2023-10-19T13:19:52","date_gmt":"2023-10-19T16:19:52","guid":{"rendered":"https:\/\/solucaoeminternet.com.br\/diap\/?page_id=3068"},"modified":"2023-11-06T17:10:53","modified_gmt":"2023-11-06T20:10:53","slug":"ressonancia-magnetica-de-pe","status":"publish","type":"page","link":"https:\/\/diapdiagnosticos.com.br\/centromedico\/ressonancia-magnetica\/ressonancia-magnetica-de-pe\/","title":{"rendered":"Resson\u00e2ncia Magn\u00e9tica de P\u00e9 (ante p\u00e9) \u2013 n\u00e3o inclui tornozelo"},"content":{"rendered":"<div class=\"fusion-fullwidth fullwidth-box fusion-builder-row-1 fusion-flex-container has-pattern-background has-mask-background nonhundred-percent-fullwidth non-hundred-percent-height-scrolling\" style=\"--awb-border-radius-top-left:0px;--awb-border-radius-top-right:0px;--awb-border-radius-bottom-right:0px;--awb-border-radius-bottom-left:0px;--awb-flex-wrap:wrap;\" ><div class=\"fusion-builder-row fusion-row fusion-flex-align-items-flex-start fusion-flex-content-wrap\" style=\"max-width:1393.6px;margin-left: calc(-4% \/ 2 );margin-right: calc(-4% \/ 2 );\"><div class=\"fusion-layout-column fusion_builder_column fusion-builder-column-0 fusion_builder_column_1_1 1_1 fusion-flex-column\" style=\"--awb-bg-size:cover;--awb-width-large:100%;--awb-margin-top-large:50px;--awb-spacing-right-large:1.92%;--awb-margin-bottom-large:20px;--awb-spacing-left-large:1.92%;--awb-width-medium:100%;--awb-order-medium:0;--awb-spacing-right-medium:1.92%;--awb-spacing-left-medium:1.92%;--awb-width-small:100%;--awb-order-small:0;--awb-spacing-right-small:1.92%;--awb-spacing-left-small:1.92%;\"><div class=\"fusion-column-wrapper fusion-column-has-shadow fusion-flex-justify-content-flex-start fusion-content-layout-column\"><div class=\"fusion-text fusion-text-1\"><div class=\"MuiGrid-root MuiGrid-item MuiGrid-grid-xs-12 MuiGrid-grid-sm-6 MuiGrid-grid-lg-12\">\n<section class=\"exam-detail-content-rowstyles__Spacing-sc-14uhk46-6 rUqXC\">\n<h3 class=\"Typography__H4-sc-151lb4h-3 cyrsUA fusion-responsive-typography-calculated\" data-fontsize=\"36\" data-lineheight=\"43.2px\">Orienta\u00e7\u00f5es necess\u00e1rias<\/h3>\n<ul>\n<li><strong>N\u00e3o<\/strong> se esque\u00e7a de trazer o pedido medico.<\/li>\n<li>Em caso de conv\u00eanios que necessitem, <strong>solicite a autoriza\u00e7\u00e3o do seu exame<\/strong>.<\/li>\n<li>Trazer sempre um documento com foto atualizado.<\/li>\n<li>Menores de idade devem vir acompanhados de um adulto respons\u00e1vel.<\/li>\n<li>Trazer os exames anteriores pertinentes, sempre que os possuir.<\/li>\n<li>Chegar com <strong>30 minutos de anteced\u00eancia.<\/strong><\/li>\n<\/ul>\n<p><strong>Objetivos do exame:<br \/>\n<\/strong><\/p>\n<ul>\n<li>Amamenta\u00e7\u00e3o: voc\u00ea pode manter a amamenta\u00e7\u00e3o normalmente.<\/li>\n<li>Gestantes: ap\u00f3s 12 semanas de gesta\u00e7\u00e3o o exame e seguro e sem riscos; antes de 12 semanas de gesta\u00e7\u00e3o e uso de contraste devem ser sempre discutidos com seu m\u00e9dico e o radiologista para avalia\u00e7\u00e3o dos benef\u00edcios.<\/li>\n<li>Trazer um Beta-HCG sangu\u00edneo se houver suspeita\/possibilidade de gravidez.<\/li>\n<li>Ser\u00e1 necess\u00e1rio a dosagem laboratorial de creatinina para os exames com uso de contraste endovenoso, se apresentarem algum hist\u00f3rico de doen\u00e7a renal, hist\u00f3rico de tumor ou transplante renal, diabetes e press\u00e3o alta (validade dosagem creatinina 90 dias)<\/li>\n<li>Maiores de 60 anos de idade.<\/li>\n<li>Menores de 60 anos de idade que apresentam: hisotira de doen\u00e7a renal, hist\u00f3rico de tumor renal ou transplante, diabete em tratamento, press\u00e3o alta, mieloma m\u00faltiplo, hist\u00f3rico de doen\u00e7a hep\u00e1tica.<\/li>\n<\/ul>\n<p><strong>Entrar em contato com a clinica caso for portador de algum dos abaixo:<br \/>\n<\/strong><\/p>\n<p><strong>Contraindica\u00e7\u00f5es relativas ao exame:<\/strong><\/p>\n<ul>\n<li>Marca-passo card\u00edaco; clipes de aneurisma; implantes otol\u00f3gicos cocleares; implantes e aparelhos oculares; fixadores ortop\u00e9dicos externos; c\u00edlios posti\u00e7os; fragmento met\u00e1licos no corpo; bomba injetora implantada de insulina ou outras medica\u00e7\u00f5es.<\/li>\n<\/ul>\n<p>Se houver duvidas sobre qualquer aparelho ou implante no corpo, entre em contato com a clinica<\/p>\n<p><strong>Permitidos para o exame:<\/strong><\/p>\n<ul>\n<li>Clipes utilizados em cirurgias de ves\u00edculas biliar;<\/li>\n<li>Pr\u00f3teses valvares card\u00edacas (mesmo as met\u00e1licas);<\/li>\n<li>Implantes ortop\u00e9dicos, como pr\u00f3teses, pinos, parafusos e hastes (exceto os fixadores externos);<\/li>\n<li>Deriva\u00e7\u00e3o ventr\u00edculo-peritoneal;<\/li>\n<li>Dispositivo intrauterino (DIU);<\/li>\n<li>Stents intravasculares (como stent coronariano, por exemplo) s\u00e3o permitidos para a realiza\u00e7\u00e3o da resson\u00e2ncia somente ap\u00f3s 6 semanas de sua coloca\u00e7\u00e3o.<\/li>\n<\/ul>\n<p><strong>Orienta\u00e7\u00f5es para o exame:<\/strong><\/p>\n<ul>\n<li>Sempre vir portando o menor n\u00famero de itens met\u00e1licos, uma vez que eles dever\u00e3o ser retirados durante o exame, como joias, aparelhos ortod\u00f4nticos (os definitivos ou fixos podem interferir na qualidade de imagem, a depender do exame e artefatos; duvidas, entre em contato).<\/li>\n<li>Preferir roupas intima de algod\u00e3o ao inv\u00e9s de sint\u00e9ticas.<\/li>\n<li>Se houverem quadros al\u00e9rgicos em exames anteriores de resson\u00e2ncia magn\u00e9tica com uso de contraste, favor entrar em contato conosco.<\/li>\n<li>Recomenda-se estar com os cabelos secos, sem uso de gel ou creme, sem maquiagem ou qualquer outro cosm\u00e9tico em qualquer parte do corpo.<\/li>\n<li>Quanto a tatuagens e maquiagem definitiva, n\u00e3o h\u00e1 contraindica\u00e7\u00f5es absolutas para a realiza\u00e7\u00e3o do exame. Apenas recomenda-se que quem realizou estes procedimentos nos \u00faltimos 30 dias n\u00e3o seja submetido ao exame. Tatuagens escuras ou exame de \u00e1reas com tatuagem, podem gerar localmente, durante o exame, uma sensa\u00e7\u00e3o de aquecimento, que dever\u00e1 ser comunicado caso ocorra.<\/li>\n<\/ul>\n<p><strong>Preparo para este exame:<\/strong><\/p>\n<ul>\n<li>N\u00e3o e necess\u00e1rio jejum.<\/li>\n<li>Todos os medicamentos devem ser ingeridos de modo habitual, com um pouco de \u00e1gua.<\/li>\n<li>Pacientes em dialise (em caso de exame com uso de contraste) devem entrar em contato com a cl\u00ednica.<\/li>\n<\/ul>\n<\/section>\n<\/div>\n<\/div><div class=\"fusion-text fusion-text-2\"><div class=\"MuiGrid-root MuiGrid-item MuiGrid-grid-xs-12 MuiGrid-grid-sm-6 MuiGrid-grid-lg-12\">\n<section class=\"exam-detail-content-rowstyles__Spacing-sc-14uhk46-6 rUqXC\">\n<div>\n<h4 class=\"Typography__H4-sc-151lb4h-3 cyrsUA\">Agendamento<\/h4>\n<ul>\n<li class=\"Typography__Underline-sc-151lb4h-1 kBcWNQ\">Precisa agendar.<\/li>\n<\/ul>\n<\/div>\n<\/section>\n<\/div>\n<div class=\"MuiGrid-root MuiGrid-item MuiGrid-grid-xs-12 MuiGrid-grid-sm-6 MuiGrid-grid-lg-12\">\n<section class=\"exam-detail-content-rowstyles__Spacing-sc-14uhk46-6 rUqXC\">\n<div>\n<h4><\/h4>\n<\/div>\n<\/section>\n<\/div>\n<\/div><div ><a class=\"fusion-button button-flat button-xlarge button-custom fusion-button-default button-1 fusion-button-default-span fusion-button-default-type\" style=\"--button_accent_color:var(--awb-color1);--button_accent_hover_color:var(--awb-color1);--button_border_hover_color:var(--awb-color1);--button-border-radius-top-left:20px;--button-border-radius-top-right:20px;--button-border-radius-bottom-right:20px;--button-border-radius-bottom-left:20px;--button_gradient_top_color:var(--awb-custom_color_1);--button_gradient_bottom_color:var(--awb-custom_color_1);--button_gradient_top_color_hover:var(--awb-custom_color_1);--button_gradient_bottom_color_hover:var(--awb-custom_color_1);\" target=\"_blank\" rel=\"noopener noreferrer\" href=\"https:\/\/diap.chat.blip.ai\/?appKey=ZGlhcHJvdGVhZG9yOmJlZWJmY2YxLTZmNmItNGQ2ZS05ZmMxLWVhZTliYjRhYjUzNQ==\"><i class=\"fa-calendar-alt fas awb-button__icon awb-button__icon--default button-icon-left\" aria-hidden=\"true\"><\/i><span class=\"fusion-button-text awb-button__text awb-button__text--default\">Agende seu exame<\/span><\/a><\/div><\/div><\/div><\/div><\/div>\n","protected":false},"excerpt":{"rendered":"","protected":false},"author":1,"featured_media":0,"parent":3029,"menu_order":0,"comment_status":"closed","ping_status":"closed","template":"","meta":{"footnotes":""},"class_list":["post-3068","page","type-page","status-publish","hentry"],"_links":{"self":[{"href":"https:\/\/diapdiagnosticos.com.br\/centromedico\/wp-json\/wp\/v2\/pages\/3068","targetHints":{"allow":["GET"]}}],"collection":[{"href":"https:\/\/diapdiagnosticos.com.br\/centromedico\/wp-json\/wp\/v2\/pages"}],"about":[{"href":"https:\/\/diapdiagnosticos.com.br\/centromedico\/wp-json\/wp\/v2\/types\/page"}],"author":[{"embeddable":true,"href":"https:\/\/diapdiagnosticos.com.br\/centromedico\/wp-json\/wp\/v2\/users\/1"}],"replies":[{"embeddable":true,"href":"https:\/\/diapdiagnosticos.com.br\/centromedico\/wp-json\/wp\/v2\/comments?post=3068"}],"version-history":[{"count":3,"href":"https:\/\/diapdiagnosticos.com.br\/centromedico\/wp-json\/wp\/v2\/pages\/3068\/revisions"}],"predecessor-version":[{"id":3549,"href":"https:\/\/diapdiagnosticos.com.br\/centromedico\/wp-json\/wp\/v2\/pages\/3068\/revisions\/3549"}],"up":[{"embeddable":true,"href":"https:\/\/diapdiagnosticos.com.br\/centromedico\/wp-json\/wp\/v2\/pages\/3029"}],"wp:attachment":[{"href":"https:\/\/diapdiagnosticos.com.br\/centromedico\/wp-json\/wp\/v2\/media?parent=3068"}],"curies":[{"name":"wp","href":"https:\/\/api.w.org\/{rel}","templated":true}]}}