{"id":3,"date":"2022-11-22T09:55:37","date_gmt":"2022-11-22T12:55:37","guid":{"rendered":"https:\/\/solucaoeminternet.com.br\/diap\/?page_id=3"},"modified":"2023-07-14T09:22:04","modified_gmt":"2023-07-14T12:22:04","slug":"politica-de-privacidade","status":"publish","type":"page","link":"https:\/\/diapdiagnosticos.com.br\/centromedico\/politica-de-privacidade\/","title":{"rendered":"Pol\u00edtica de privacidade"},"content":{"rendered":"<div class=\"fusion-fullwidth fullwidth-box fusion-builder-row-1 fusion-flex-container has-pattern-background has-mask-background nonhundred-percent-fullwidth non-hundred-percent-height-scrolling\" style=\"--awb-border-radius-top-left:0px;--awb-border-radius-top-right:0px;--awb-border-radius-bottom-right:0px;--awb-border-radius-bottom-left:0px;--awb-flex-wrap:wrap;\" ><div class=\"fusion-builder-row fusion-row fusion-flex-align-items-flex-start fusion-flex-content-wrap\" style=\"max-width:1393.6px;margin-left: calc(-4% \/ 2 );margin-right: calc(-4% \/ 2 );\"><div class=\"fusion-layout-column fusion_builder_column fusion-builder-column-0 fusion_builder_column_1_1 1_1 fusion-flex-column\" style=\"--awb-bg-size:cover;--awb-width-large:100%;--awb-margin-top-large:20px;--awb-spacing-right-large:1.92%;--awb-margin-bottom-large:20px;--awb-spacing-left-large:1.92%;--awb-width-medium:100%;--awb-order-medium:0;--awb-spacing-right-medium:1.92%;--awb-spacing-left-medium:1.92%;--awb-width-small:100%;--awb-order-small:0;--awb-spacing-right-small:1.92%;--awb-spacing-left-small:1.92%;\"><div class=\"fusion-column-wrapper fusion-column-has-shadow fusion-flex-justify-content-flex-start fusion-content-layout-column\"><div class=\"fusion-text fusion-text-1\"><p><strong>A DIAP-DIAGN\u00d3STICO POR IMAGEM DE ALTA PERFORMANCE LTDA.<\/strong>, reconhece a import\u00e2ncia de proteger a privacidade e os dados pessoais de todos os seus clientes, parceiros, fornecedores, prestadores de servi\u00e7os, bem como de todos os usu\u00e1rios de seu website.<\/p>\n<p>Esta Pol\u00edtica de Privacidade apresenta como tratamos seus Dados Pessoais e como voc\u00ea poder\u00e1 exercer seus direitos de privacidade, tornando transparente o nosso compromisso com a prote\u00e7\u00e3o das informa\u00e7\u00f5es das pessoas com as quais se relaciona.<\/p>\n<h4><strong>I. Agente de Tratamento:<\/strong><\/h4>\n<p><strong>DIAP-DIAGN\u00d3STICO POR IMAGEM DE ALTA PERFORMANCE LTDA.<\/strong>, pessoa jur\u00eddica de direito privado, inscrita no CNPJ\/MF sob o n.\u00ba 26.519.681\/0001-92, com sede na Av. Coronel Fernando Ferreira Leite, n.\u00ba 1540, UUP 32, Jardim Calif\u00f3rnia, CEP: 14.026-020, na cidade de Ribeir\u00e3o Preto, Estado de S\u00e3o Paulo.<\/p>\n<h4><strong>II. Papel no tratamento:<\/strong><\/h4>\n<p>Predominantemente controladora.<\/p>\n<h4><strong>III. Origem dos dados tratados:<\/strong><\/h4>\n<p>Dados pessoais fornecidos pelo Titular e\/ou atrav\u00e9s de fornecedores e parceiros de neg\u00f3cio.<\/p>\n<h4><strong>IV. Principais finalidades:<\/strong><\/h4>\n<p>Uso compartilhado de informa\u00e7\u00f5es para a presta\u00e7\u00e3o dos servi\u00e7os de sa\u00fade, para estabelecimento de v\u00ednculo contratual ou gest\u00e3o, administra\u00e7\u00e3o, presta\u00e7\u00e3o, amplia\u00e7\u00e3o e melhoramento dos Servi\u00e7os; Capacita\u00e7\u00e3o profissional, ofertas de cursos e servi\u00e7os;<\/p>\n<h4><strong>V. Compartilhamento:<\/strong><\/h4>\n<p>Empresas pertencentes ao mesmo grupo econ\u00f4mico; Operadores e fornecedores de servi\u00e7os essenciais para as nossas atividades; Operadores e fornecedores de servi\u00e7os de apoio voltados para o titular, tal como, mas n\u00e3o limitado ao sistema de consulta de resultado de exames; Autoridades\/\u00f3rg\u00e3os governamentais por decorr\u00eancia de obriga\u00e7\u00f5es legais ou regulat\u00f3rias.<\/p>\n<h4><strong>VI. Prote\u00e7\u00e3o de dados:<\/strong><\/h4>\n<p>Medidas de seguran\u00e7a, t\u00e9cnicas e administrativas adequadas. Utilizamos os meios razo\u00e1veis de mercado e legalmente requeridos para preservar a privacidade dos dados pessoais, de forma segura e respons\u00e1vel.<\/p>\n<h4><strong>VII. Seus Direitos:<\/strong><\/h4>\n<p>Em cumprimento \u00e0 regulamenta\u00e7\u00e3o aplic\u00e1vel, especialmente ao disposto no artigo 18 da Lei n.\u00ba 13.709 de 2018, a DIAP respeita e garante ao Titular, a possibilidade de apresenta\u00e7\u00e3o de solicita\u00e7\u00f5es baseadas nos seguintes direitos:<\/p>\n<ul>\n<li>confirma\u00e7\u00e3o da exist\u00eancia de tratamento;<\/li>\n<li>acesso aos dados;<\/li>\n<li>corre\u00e7\u00e3o de dados incompletos, inexatos ou desatualizados;<\/li>\n<li>anonimiza\u00e7\u00e3o, bloqueio ou elimina\u00e7\u00e3o de dados desnecess\u00e1rios, excessivos ou tratados em desconformidade com o disposto nesta Lei;<\/li>\n<li>portabilidade dos dados a outro fornecedor de servi\u00e7o ou produto, mediante requisi\u00e7\u00e3o expressa, de acordo com a regulamenta\u00e7\u00e3o da autoridade nacional, observados os segredos comercial e industrial;<\/li>\n<li>elimina\u00e7\u00e3o dos dados pessoais tratados com o consentimento do titular, exceto nas hip\u00f3teses de cumprimento de obriga\u00e7\u00e3o legal ou regulat\u00f3ria pelo controlador e estudo por \u00f3rg\u00e3o de pesquisa, garantindo a anonimiza\u00e7\u00e3o dos dados pessoais sempre que poss\u00edvel;<\/li>\n<li>informa\u00e7\u00e3o das entidades p\u00fablicas e privadas com as quais o controlador realizou uso compartilhado de dados;<\/li>\n<li>informa\u00e7\u00e3o sobre a possibilidade de n\u00e3o fornecer consentimento e sobre as consequ\u00eancias da negativa;<\/li>\n<li>revoga\u00e7\u00e3o do consentimento, para a coleta e tratamento de dados.<\/li>\n<\/ul>\n<p>Os direitos supra descritos poder\u00e3o ser exercidos diretamente pelo Titular, por meio do envio de e-mail ao nosso Encarregado de Prote\u00e7\u00e3o de Dados (<a href=\"mailto:dpo@gestisolucoes.com.br\">dpo@gestisolucoes.com.br<\/a>).<\/p>\n<p>A GESTI, empreender\u00e1 todos os esfor\u00e7os para atender tais pedidos no menor espa\u00e7o de tempo poss\u00edvel.<\/p>\n<h4><strong>VIII. Atualiza\u00e7\u00f5es da Pol\u00edtica de Privacidade:<\/strong><\/h4>\n<p>Todas as atualiza\u00e7\u00f5es desta Pol\u00edtica de Privacidade ser\u00e3o publicadas de forma vis\u00edvel no site https:\/\/diapdiagnosticos.com.br\/. Data: 25 de Novembro de 2022.<\/p>\n<h4><strong>IX. Nosso contato:<\/strong><\/h4>\n<p>Para quaisquer d\u00favidas acerca de nossa pol\u00edtica de privacidade, quanto aos dados que possu\u00edmos sobre voc\u00ea ou qualquer outra solicita\u00e7\u00e3o ou reclama\u00e7\u00e3o quanto \u00e0 sua privacidade ou seus direitos relacionados a este website, por favor, entre em contato com nosso Encarregado pelo Tratamento de Dados Pessoais, pelos seguintes canais:<\/p>\n<p><strong>ENCARREGADO PELO TRATAMENTO DE DADOS PESSOAIS:<\/strong><br \/>\n<strong>RLOPES DA SILVA INFORM\u00c1TICA<\/strong><br \/>\nA\/C: Sr. Reginaldo Lopes da Silva<br \/>\nE-mail:\u00a0<a href=\"mailto:dpo@gestisolucoes.com.br\">dpo@gestisolucoes.com.br<\/a><\/p>\n<p>Publicado em 25 de novembro de 2022.<\/p>\n<\/div><\/div><\/div><\/div><\/div>\n","protected":false},"excerpt":{"rendered":"","protected":false},"author":1,"featured_media":0,"parent":0,"menu_order":0,"comment_status":"closed","ping_status":"open","template":"","meta":{"footnotes":""},"class_list":["post-3","page","type-page","status-publish","hentry"],"_links":{"self":[{"href":"https:\/\/diapdiagnosticos.com.br\/centromedico\/wp-json\/wp\/v2\/pages\/3","targetHints":{"allow":["GET"]}}],"collection":[{"href":"https:\/\/diapdiagnosticos.com.br\/centromedico\/wp-json\/wp\/v2\/pages"}],"about":[{"href":"https:\/\/diapdiagnosticos.com.br\/centromedico\/wp-json\/wp\/v2\/types\/page"}],"author":[{"embeddable":true,"href":"https:\/\/diapdiagnosticos.com.br\/centromedico\/wp-json\/wp\/v2\/users\/1"}],"replies":[{"embeddable":true,"href":"https:\/\/diapdiagnosticos.com.br\/centromedico\/wp-json\/wp\/v2\/comments?post=3"}],"version-history":[{"count":4,"href":"https:\/\/diapdiagnosticos.com.br\/centromedico\/wp-json\/wp\/v2\/pages\/3\/revisions"}],"predecessor-version":[{"id":3645,"href":"https:\/\/diapdiagnosticos.com.br\/centromedico\/wp-json\/wp\/v2\/pages\/3\/revisions\/3645"}],"wp:attachment":[{"href":"https:\/\/diapdiagnosticos.com.br\/centromedico\/wp-json\/wp\/v2\/media?parent=3"}],"curies":[{"name":"wp","href":"https:\/\/api.w.org\/{rel}","templated":true}]}}