{"id":2902,"date":"2023-07-18T10:10:16","date_gmt":"2023-07-18T13:10:16","guid":{"rendered":"https:\/\/solucaoeminternet.com.br\/diap\/?page_id=2902"},"modified":"2023-10-24T16:07:48","modified_gmt":"2023-10-24T19:07:48","slug":"raios-x-digital","status":"publish","type":"page","link":"https:\/\/diapdiagnosticos.com.br\/centromedico\/raios-x-digital\/","title":{"rendered":"Raios X Digital"},"content":{"rendered":"<div class=\"fusion-fullwidth fullwidth-box fusion-builder-row-1 fusion-flex-container has-pattern-background has-mask-background nonhundred-percent-fullwidth non-hundred-percent-height-scrolling\" style=\"--awb-border-radius-top-left:0px;--awb-border-radius-top-right:0px;--awb-border-radius-bottom-right:0px;--awb-border-radius-bottom-left:0px;--awb-flex-wrap:wrap;\" ><div class=\"fusion-builder-row fusion-row fusion-flex-align-items-flex-start fusion-flex-content-wrap\" style=\"max-width:1393.6px;margin-left: calc(-4% \/ 2 );margin-right: calc(-4% \/ 2 );\"><div class=\"fusion-layout-column fusion_builder_column fusion-builder-column-0 fusion_builder_column_1_1 1_1 fusion-flex-column\" style=\"--awb-bg-size:cover;--awb-width-large:100%;--awb-margin-top-large:0px;--awb-spacing-right-large:1.92%;--awb-margin-bottom-large:20px;--awb-spacing-left-large:1.92%;--awb-width-medium:100%;--awb-order-medium:0;--awb-spacing-right-medium:1.92%;--awb-spacing-left-medium:1.92%;--awb-width-small:100%;--awb-order-small:0;--awb-spacing-right-small:1.92%;--awb-spacing-left-small:1.92%;\"><div class=\"fusion-column-wrapper fusion-column-has-shadow fusion-flex-justify-content-flex-start fusion-content-layout-column\"><div class=\"fusion-text fusion-text-1\"><div class=\"MuiGrid-root MuiGrid-item MuiGrid-grid-xs-12 MuiGrid-grid-sm-6 MuiGrid-grid-lg-12\">\n<section class=\"exam-detail-content-rowstyles__Spacing-sc-14uhk46-6 rUqXC\">\n<div>\n<ul>\n<li>Abd\u00f4men Agudo<\/li>\n<li>Abd\u00f4men Simples<\/li>\n<li>Adenoides ou Cavum<\/li>\n<li>Antebra\u00e7o<\/li>\n<li>Arcos Zigom\u00e1ticos ou Malar ou Ap\u00f3fises Estil\u00f3ides<\/li>\n<li>Articula\u00e7\u00e3o Acromioclavicular<\/li>\n<li>Articula\u00e7\u00e3o Coxofemoral (quadril)<\/li>\n<li>Articula\u00e7\u00e3o Escapuloumeral (ombro)<\/li>\n<li>Articula\u00e7\u00e3o Esternoclavicular<\/li>\n<li>Articula\u00e7\u00e3o Temporomandibular &#8211; bilateral<\/li>\n<li>Articula\u00e7\u00e3o Tibiot\u00e1rsica (tornozelo)<\/li>\n<li>Articula\u00e7\u00f5es Sacroil\u00edacas<\/li>\n<li>Bacia<\/li>\n<li>Bra\u00e7o<\/li>\n<li>Calc\u00e2neo<\/li>\n<li>Clav\u00edcula<\/li>\n<li>Coluna Cervical<\/li>\n<li>Coluna Dorsal<\/li>\n<li>Coluna Dorso lombar para escoliose<\/li>\n<li>Coluna Lombo-sacra<\/li>\n<li>Cora\u00e7\u00e3o de Vasos da Base<\/li>\n<li>Costelas &#8211; por Hemitorax<\/li>\n<li>Cotovelo<\/li>\n<li>Coxa<\/li>\n<li>Cr\u00e2nio<\/li>\n<li>Escaf\u00f3ide<\/li>\n<li>Escanometria<\/li>\n<li>Esterno<\/li>\n<li>Joelho<\/li>\n<li>Laringe ou Hipofaringe ou Pesco\u00e7o (partes moles)<\/li>\n<li>M\u00e3o ou Quirod\u00e1ctilo<\/li>\n<li>M\u00e3os e Punhos para Idade \u00d3ssea<\/li>\n<li>Maxilar Inferior<\/li>\n<li>Omoplata ou Esc\u00e1pula<\/li>\n<li>\u00d3rbitas &#8211; Bilateral<\/li>\n<li>Orelha, Mast\u00f3ides<\/li>\n<li>Ossos da Face<\/li>\n<li>Patela<\/li>\n<li>P\u00e9 ou Podod\u00e1ctilo<\/li>\n<li>Perna<\/li>\n<li>Punho<\/li>\n<li>Sacro-coccix<\/li>\n<li>Seios da Face<\/li>\n<li>Sela T\u00farcica<\/li>\n<li>T\u00f3rax<\/li>\n<\/ul>\n<\/div>\n<\/section>\n<\/div>\n<\/div><\/div><\/div><\/div><\/div>\n","protected":false},"excerpt":{"rendered":"","protected":false},"author":1,"featured_media":0,"parent":0,"menu_order":0,"comment_status":"closed","ping_status":"closed","template":"","meta":{"footnotes":""},"class_list":["post-2902","page","type-page","status-publish","hentry"],"_links":{"self":[{"href":"https:\/\/diapdiagnosticos.com.br\/centromedico\/wp-json\/wp\/v2\/pages\/2902","targetHints":{"allow":["GET"]}}],"collection":[{"href":"https:\/\/diapdiagnosticos.com.br\/centromedico\/wp-json\/wp\/v2\/pages"}],"about":[{"href":"https:\/\/diapdiagnosticos.com.br\/centromedico\/wp-json\/wp\/v2\/types\/page"}],"author":[{"embeddable":true,"href":"https:\/\/diapdiagnosticos.com.br\/centromedico\/wp-json\/wp\/v2\/users\/1"}],"replies":[{"embeddable":true,"href":"https:\/\/diapdiagnosticos.com.br\/centromedico\/wp-json\/wp\/v2\/comments?post=2902"}],"version-history":[{"count":6,"href":"https:\/\/diapdiagnosticos.com.br\/centromedico\/wp-json\/wp\/v2\/pages\/2902\/revisions"}],"predecessor-version":[{"id":3510,"href":"https:\/\/diapdiagnosticos.com.br\/centromedico\/wp-json\/wp\/v2\/pages\/2902\/revisions\/3510"}],"wp:attachment":[{"href":"https:\/\/diapdiagnosticos.com.br\/centromedico\/wp-json\/wp\/v2\/media?parent=2902"}],"curies":[{"name":"wp","href":"https:\/\/api.w.org\/{rel}","templated":true}]}}