{"id":2858,"date":"2023-07-14T10:36:23","date_gmt":"2023-07-14T13:36:23","guid":{"rendered":"https:\/\/solucaoeminternet.com.br\/diap\/?page_id=2858"},"modified":"2023-10-25T08:01:15","modified_gmt":"2023-10-25T11:01:15","slug":"mamografia-digital","status":"publish","type":"page","link":"https:\/\/diapdiagnosticos.com.br\/centromedico\/mamografia-digital\/","title":{"rendered":"Mamografia Digital"},"content":{"rendered":"<div class=\"fusion-fullwidth fullwidth-box fusion-builder-row-1 fusion-flex-container has-pattern-background has-mask-background nonhundred-percent-fullwidth non-hundred-percent-height-scrolling\" style=\"--awb-border-radius-top-left:0px;--awb-border-radius-top-right:0px;--awb-border-radius-bottom-right:0px;--awb-border-radius-bottom-left:0px;--awb-flex-wrap:wrap;\" ><div class=\"fusion-builder-row fusion-row fusion-flex-align-items-flex-start fusion-flex-content-wrap\" style=\"max-width:1393.6px;margin-left: calc(-4% \/ 2 );margin-right: calc(-4% \/ 2 );\"><div class=\"fusion-layout-column fusion_builder_column fusion-builder-column-0 fusion_builder_column_1_1 1_1 fusion-flex-column\" style=\"--awb-bg-size:cover;--awb-width-large:100%;--awb-margin-top-large:0px;--awb-spacing-right-large:1.92%;--awb-margin-bottom-large:20px;--awb-spacing-left-large:1.92%;--awb-width-medium:100%;--awb-order-medium:0;--awb-spacing-right-medium:1.92%;--awb-spacing-left-medium:1.92%;--awb-width-small:100%;--awb-order-small:0;--awb-spacing-right-small:1.92%;--awb-spacing-left-small:1.92%;\"><div class=\"fusion-column-wrapper fusion-column-has-shadow fusion-flex-justify-content-flex-start fusion-content-layout-column\"><div class=\"fusion-text fusion-text-1\" style=\"--awb-margin-top:30px;\"><p class=\"Typography__H4-sc-151lb4h-3 cyrsUA\"><strong>Outros nomes:<\/strong> Xeromamografia, MAMOGRAFIA CONV\u00caNCIONAL, MAMOGRAFIA AR, Raio x de mamas, Magnifica\u00e7\u00e3o e localiza\u00e7\u00e3o de mamas, Mama nodula\u00e7\u00e3o, Mamografia com rastreamento, Mamografia com 4 incid\u00eancias, Mamografia com compress\u00e3o e magnifica\u00e7\u00e3o, Mamografia de alta resolu\u00e7\u00e3o, Mamografia digital com manobra de ecklund, Mamografia bilateral, Mamografia ampliada, Mamografia com screening, Mamografia digital bilateral, Mamografia em QSL, MMG digital para mulheres, Senografia, Mastografia.<\/p>\n<\/div><div ><a class=\"fusion-button button-flat button-xlarge button-custom fusion-button-default button-1 fusion-button-default-span fusion-button-default-type\" style=\"--button_accent_color:var(--awb-color1);--button_accent_hover_color:var(--awb-color1);--button_border_hover_color:var(--awb-color1);--button-border-radius-top-left:20px;--button-border-radius-top-right:20px;--button-border-radius-bottom-right:20px;--button-border-radius-bottom-left:20px;--button_gradient_top_color:var(--awb-custom_color_1);--button_gradient_bottom_color:var(--awb-custom_color_1);--button_gradient_top_color_hover:var(--awb-custom_color_1);--button_gradient_bottom_color_hover:var(--awb-custom_color_1);\" target=\"_blank\" rel=\"noopener noreferrer\" href=\"https:\/\/diap.chat.blip.ai\/?appKey=ZGlhcHJvdGVhZG9yOmJlZWJmY2YxLTZmNmItNGQ2ZS05ZmMxLWVhZTliYjRhYjUzNQ==\"><i class=\"fa-calendar-alt fas awb-button__icon awb-button__icon--default button-icon-left\" aria-hidden=\"true\"><\/i><span class=\"fusion-button-text awb-button__text awb-button__text--default\">Agende seu exame<\/span><\/a><\/div><div class=\"fusion-text fusion-text-2\"><div class=\"MuiGrid-root MuiGrid-item MuiGrid-grid-xs-12 MuiGrid-grid-sm-6 MuiGrid-grid-lg-12\">\n<section class=\"exam-detail-content-rowstyles__Spacing-sc-14uhk46-6 rUqXC\">\n<div>\n<h3 class=\"Typography__H4-sc-151lb4h-3 cyrsUA\">Orienta\u00e7\u00f5es necess\u00e1rias<\/h3>\n<div class=\"Typography__Underline-sc-151lb4h-1 kBcWNQ\"><\/div>\n<\/div>\n<section class=\"exam-detail-content-rowstyles__Spacing-sc-14uhk46-6 rUqXC\"><\/section>\n<p class=\"MuiTypography-root MuiTypography-body1\"><strong>I &#8211; Preparo<\/strong><\/p>\n<ul>\n<li class=\"MuiTypography-root MuiTypography-body1\">No dia do exame, n\u00e3o usar talco, desodorante ou creme nas mamas e na regi\u00e3o das axilas.<\/li>\n<\/ul>\n<p class=\"MuiTypography-root MuiTypography-body1\"><strong>II &#8211; Observa\u00e7\u00f5es<\/strong><\/p>\n<ul>\n<li class=\"MuiTypography-root MuiTypography-body1\">Este exame \u00e9 realizado somente com solicita\u00e7\u00e3o m\u00e9dica.<\/li>\n<li class=\"MuiTypography-root MuiTypography-body1\">De prefer\u00eancia, recomenda-se marcar a mamografia do 5\u00ba ao 10\u00ba dia do ciclo menstrual &#8211; contando-se a partir do primeiro dia da menstrua\u00e7\u00e3o -, pois as mamas s\u00e3o menos doloridas nesse intervalo, ou em per\u00edodo determinado pelo m\u00e9dico solicitante.<\/li>\n<li class=\"MuiTypography-root MuiTypography-body1\">\u00c9 necess\u00e1rio apresentar todos os resultados anteriores relacionados ao exame ( mamografia \/ ultrassonografia \/ resson\u00e2ncia e biopsias ).<\/li>\n<\/ul>\n<p class=\"MuiTypography-root MuiTypography-body1\"><strong>III &#8211; Contra-indica\u00e7\u00e3o<\/strong><\/p>\n<ul>\n<li class=\"MuiTypography-root MuiTypography-body1\">Este exame n\u00e3o deve ser realizado em gestantes.<\/li>\n<li class=\"MuiTypography-root MuiTypography-body1\">Importante &#8211; Necess\u00e1rio intervalo de 06 meses entre a cirurgia para coloca\u00e7\u00e3o da pr\u00f3tese e a realiza\u00e7\u00e3o do exame.<\/li>\n<\/ul>\n<\/section>\n<\/div>\n<div class=\"MuiGrid-root MuiGrid-item MuiGrid-grid-xs-12 MuiGrid-grid-sm-6 MuiGrid-grid-lg-12\">\n<section class=\"exam-detail-content-rowstyles__Spacing-sc-14uhk46-6 rUqXC\">\n<div><\/div>\n<\/section>\n<\/div>\n<div class=\"MuiGrid-root MuiGrid-item MuiGrid-grid-xs-12 MuiGrid-grid-sm-6 MuiGrid-grid-lg-12\">\n<section class=\"exam-detail-content-rowstyles__Spacing-sc-14uhk46-6 rUqXC\">\n<div><\/div>\n<\/section>\n<\/div>\n<\/div><div class=\"fusion-text fusion-text-3\"><div class=\"MuiGrid-root MuiGrid-item MuiGrid-grid-xs-12 MuiGrid-grid-sm-6 MuiGrid-grid-lg-12\">\n<section class=\"exam-detail-content-rowstyles__Spacing-sc-14uhk46-6 rUqXC\">\n<div>\n<h4 class=\"Typography__H4-sc-151lb4h-3 cyrsUA\">Agendamento<\/h4>\n<ul>\n<li class=\"Typography__Underline-sc-151lb4h-1 kBcWNQ\">Precisa agendar.<\/li>\n<\/ul>\n<\/div>\n<\/section>\n<\/div>\n<div class=\"MuiGrid-root MuiGrid-item MuiGrid-grid-xs-12 MuiGrid-grid-sm-6 MuiGrid-grid-lg-12\">\n<section class=\"exam-detail-content-rowstyles__Spacing-sc-14uhk46-6 rUqXC\">\n<div>\n<h4><\/h4>\n<\/div>\n<\/section>\n<\/div>\n<\/div><div ><a class=\"fusion-button button-flat button-xlarge button-custom fusion-button-default button-2 fusion-button-default-span fusion-button-default-type\" style=\"--button_accent_color:var(--awb-color1);--button_accent_hover_color:var(--awb-color1);--button_border_hover_color:var(--awb-color1);--button-border-radius-top-left:20px;--button-border-radius-top-right:20px;--button-border-radius-bottom-right:20px;--button-border-radius-bottom-left:20px;--button_gradient_top_color:var(--awb-custom_color_1);--button_gradient_bottom_color:var(--awb-custom_color_1);--button_gradient_top_color_hover:var(--awb-custom_color_1);--button_gradient_bottom_color_hover:var(--awb-custom_color_1);\" target=\"_blank\" rel=\"noopener noreferrer\" href=\"https:\/\/diap.chat.blip.ai\/?appKey=ZGlhcHJvdGVhZG9yOmJlZWJmY2YxLTZmNmItNGQ2ZS05ZmMxLWVhZTliYjRhYjUzNQ==\"><i class=\"fa-calendar-alt fas awb-button__icon awb-button__icon--default button-icon-left\" aria-hidden=\"true\"><\/i><span class=\"fusion-button-text awb-button__text awb-button__text--default\">Agende seu exame<\/span><\/a><\/div><div class=\"fusion-text fusion-text-4\"><h4 class=\"Typography__H4-sc-151lb4h-3 cyrsUA\">Prazo de entrega<\/h4>\n<ul>\n<li class=\"Typography__Underline-sc-151lb4h-1 kBcWNQ\">Em at\u00e9 3 dias \u00fateis (sem contar o s\u00e1bado) \u00e0s 20h.<\/li>\n<\/ul>\n<\/div><\/div><\/div><\/div><\/div>\n","protected":false},"excerpt":{"rendered":"","protected":false},"author":1,"featured_media":0,"parent":0,"menu_order":0,"comment_status":"closed","ping_status":"closed","template":"","meta":{"footnotes":""},"class_list":["post-2858","page","type-page","status-publish","hentry"],"_links":{"self":[{"href":"https:\/\/diapdiagnosticos.com.br\/centromedico\/wp-json\/wp\/v2\/pages\/2858","targetHints":{"allow":["GET"]}}],"collection":[{"href":"https:\/\/diapdiagnosticos.com.br\/centromedico\/wp-json\/wp\/v2\/pages"}],"about":[{"href":"https:\/\/diapdiagnosticos.com.br\/centromedico\/wp-json\/wp\/v2\/types\/page"}],"author":[{"embeddable":true,"href":"https:\/\/diapdiagnosticos.com.br\/centromedico\/wp-json\/wp\/v2\/users\/1"}],"replies":[{"embeddable":true,"href":"https:\/\/diapdiagnosticos.com.br\/centromedico\/wp-json\/wp\/v2\/comments?post=2858"}],"version-history":[{"count":14,"href":"https:\/\/diapdiagnosticos.com.br\/centromedico\/wp-json\/wp\/v2\/pages\/2858\/revisions"}],"predecessor-version":[{"id":3525,"href":"https:\/\/diapdiagnosticos.com.br\/centromedico\/wp-json\/wp\/v2\/pages\/2858\/revisions\/3525"}],"wp:attachment":[{"href":"https:\/\/diapdiagnosticos.com.br\/centromedico\/wp-json\/wp\/v2\/media?parent=2858"}],"curies":[{"name":"wp","href":"https:\/\/api.w.org\/{rel}","templated":true}]}}